{"id":82519,"date":"2019-07-16T11:00:37","date_gmt":"2019-07-16T08:00:37","guid":{"rendered":"http:\/\/usacars.ee\/?page_id=82519"},"modified":"2024-04-15T09:58:09","modified_gmt":"2024-04-15T06:58:09","slug":"kontakt","status":"publish","type":"page","link":"https:\/\/usacars.ee\/et\/kontakt\/","title":{"rendered":"Kontakt"},"content":{"rendered":"<p>[vc_row row_height_percent=&#8221;0&#8243; override_padding=&#8221;yes&#8221; h_padding=&#8221;2&#8243; top_padding=&#8221;5&#8243; bottom_padding=&#8221;5&#8243; overlay_alpha=&#8221;100&#8243; gutter_size=&#8221;100&#8243; column_width_percent=&#8221;100&#8243; shift_y=&#8221;0&#8243; z_index=&#8221;0&#8243; style=&#8221;inherited&#8221;][vc_column column_width_use_pixel=&#8221;yes&#8221; align_horizontal=&#8221;align_center&#8221; gutter_size=&#8221;4&#8243; overlay_alpha=&#8221;100&#8243; shift_x=&#8221;0&#8243; shift_y=&#8221;0&#8243; medium_width=&#8221;100&#8243; zoom_width=&#8221;0&#8243; zoom_height=&#8221;0&#8243; width=&#8221;1\/1&#8243; column_width_pixel=&#8221;1400&#8243;][vc_row_inner limit_content=&#8221;&#8221;][vc_column_inner width=&#8221;1\/1&#8243;][vc_column_text]<\/p>\n<p style=\"text-align: center;\"><strong>Lugupeetud k\u00fclastajad!<\/strong><\/p>\n<p style=\"text-align: center;\">Juhime Teie t\u00e4helepanu sellele, et meie s\u00f5idukid on esindatud kahes autosalongis. Arusaamatuste v\u00e4ltimiseks palume Teil v\u00f5tta \u00fchendust meie esindajaga enne kohaleminekut, et t\u00e4psustada kus Teid huvitav s\u00f5iduk t\u00e4pselt asub.<\/p>\n<p>[\/vc_column_text][\/vc_column_inner][\/vc_row_inner][vc_row_inner row_inner_height_percent=&#8221;0&#8243; overlay_alpha=&#8221;100&#8243; gutter_size=&#8221;3&#8243; shift_y=&#8221;0&#8243; limit_content=&#8221;&#8221;][vc_column_inner column_width_percent=&#8221;100&#8243; align_horizontal=&#8221;align_center&#8221; gutter_size=&#8221;3&#8243; overlay_alpha=&#8221;100&#8243; shift_x=&#8221;0&#8243; shift_y=&#8221;0&#8243; medium_width=&#8221;3&#8243; zoom_width=&#8221;0&#8243; zoom_height=&#8221;0&#8243; width=&#8221;1\/3&#8243;][vc_single_image media=&#8221;81619&#8243; media_width_use_pixel=&#8221;yes&#8221; alignment=&#8221;center&#8221; media_width_pixel=&#8221;240&#8243;][vc_column_text]<strong>Vladimir Kat\u00f5hhin<\/strong><\/p>\n<p>+372 5843 9069<br \/>\ninfo[at]usacars.ee<\/p>\n<p>Saadaval ka<br \/>\n<a href=\"https:\/\/api.whatsapp.com\/send?phone=37258439069\"><img loading=\"lazy\" class=\"alignnone wp-image-81826\" src=\"https:\/\/usacars.ee\/wp-content\/uploads\/2019\/07\/whatsapp.png\" alt=\"\" width=\"40\" height=\"40\" srcset=\"https:\/\/usacars.ee\/wp-content\/uploads\/2019\/07\/whatsapp.png 512w, https:\/\/usacars.ee\/wp-content\/uploads\/2019\/07\/whatsapp-150x150.png 150w, https:\/\/usacars.ee\/wp-content\/uploads\/2019\/07\/whatsapp-300x300.png 300w\" sizes=\"(max-width: 40px) 100vw, 40px\" \/><\/a> <a href=\"viber:\/\/add?number=37258439069\"><img loading=\"lazy\" class=\"alignnone wp-image-81828\" src=\"https:\/\/usacars.ee\/wp-content\/uploads\/2019\/07\/viber.png\" alt=\"\" width=\"40\" height=\"40\" srcset=\"https:\/\/usacars.ee\/wp-content\/uploads\/2019\/07\/viber.png 512w, https:\/\/usacars.ee\/wp-content\/uploads\/2019\/07\/viber-150x150.png 150w, https:\/\/usacars.ee\/wp-content\/uploads\/2019\/07\/viber-300x300.png 300w\" sizes=\"(max-width: 40px) 100vw, 40px\" \/><\/a> <a href=\"https:\/\/t.me\/37258439069\"><img loading=\"lazy\" class=\"alignnone wp-image-81830\" src=\"https:\/\/usacars.ee\/wp-content\/uploads\/2019\/07\/telegram.png\" alt=\"\" width=\"40\" height=\"40\" srcset=\"https:\/\/usacars.ee\/wp-content\/uploads\/2019\/07\/telegram.png 512w, https:\/\/usacars.ee\/wp-content\/uploads\/2019\/07\/telegram-150x150.png 150w, https:\/\/usacars.ee\/wp-content\/uploads\/2019\/07\/telegram-300x300.png 300w\" sizes=\"(max-width: 40px) 100vw, 40px\" \/><\/a>[\/vc_column_text][\/vc_column_inner][vc_column_inner column_width_percent=&#8221;100&#8243; align_horizontal=&#8221;align_center&#8221; gutter_size=&#8221;3&#8243; overlay_alpha=&#8221;100&#8243; shift_x=&#8221;0&#8243; shift_y=&#8221;0&#8243; shift_y_down=&#8221;0&#8243; z_index=&#8221;0&#8243; medium_width=&#8221;3&#8243; mobile_width=&#8221;0&#8243; zoom_width=&#8221;0&#8243; zoom_height=&#8221;0&#8243; width=&#8221;1\/3&#8243;][vc_column_text]<\/p>\n<p style=\"text-align: center;\"><strong>Meie Ettev\u00f5te<\/strong><\/p>\n<p style=\"text-align: center;\">USA CARS O\u00dc<br \/>\nReg.Nr.\u00a0 12707012[\/vc_column_text][vc_empty_space empty_h=&#8221;2&#8243;][vc_column_text]<\/p>\n<p style=\"text-align: center;\"><strong>Asukoht<br \/>\n<\/strong><\/p>\n<p style=\"text-align: center;\">Allika tee 1<br \/>\n75312 Peetri<br \/>\nHarju maakond<\/p>\n<p>[\/vc_column_text][vc_column_text]<iframe loading=\"lazy\" style=\"border: 0;\" src=\"https:\/\/www.google.com\/maps\/embed?pb=!1m18!1m12!1m3!1d2031.5935218364766!2d24.82136947727933!3d59.389809706178006!2m3!1f0!2f0!3f0!3m2!1i1024!2i768!4f13.1!3m3!1m2!1s0x4692eb0df85f837b%3A0xb6981698fc1b511b!2sAllika%20tee%201%2C%20Peetri%2C%2075312%20Harju%20maakond!5e0!3m2!1sru!2see!4v1707380201418!5m2!1sru!2see\" width=\"600\" height=\"450\" allowfullscreen=\"allowfullscreen\"><\/iframe>[\/vc_column_text][\/vc_column_inner][vc_column_inner width=&#8221;1\/3&#8243;][vc_column_text]<\/p>\n<p style=\"text-align: center;\"><strong>Lahtiolekuajad<\/strong><\/p>\n<p style=\"text-align: center;\">E-R 10.00 \u2013 18.00<br \/>\nL, P kokkuleppel[\/vc_column_text][vc_empty_space empty_h=&#8221;2&#8243;][\/vc_column_inner][\/vc_row_inner][\/vc_column][\/vc_row]<\/p>\n","protected":false},"excerpt":{"rendered":"<p>If you&#8217;d like to discuss working with us, find out more about the range of services we have to offer, or just want to have a chat, please get in touch.<\/p>\n","protected":false},"author":1,"featured_media":0,"parent":0,"menu_order":0,"comment_status":"open","ping_status":"closed","template":"","meta":[],"_links":{"self":[{"href":"https:\/\/usacars.ee\/et\/wp-json\/wp\/v2\/pages\/82519"}],"collection":[{"href":"https:\/\/usacars.ee\/et\/wp-json\/wp\/v2\/pages"}],"about":[{"href":"https:\/\/usacars.ee\/et\/wp-json\/wp\/v2\/types\/page"}],"author":[{"embeddable":true,"href":"https:\/\/usacars.ee\/et\/wp-json\/wp\/v2\/users\/1"}],"replies":[{"embeddable":true,"href":"https:\/\/usacars.ee\/et\/wp-json\/wp\/v2\/comments?post=82519"}],"version-history":[{"count":27,"href":"https:\/\/usacars.ee\/et\/wp-json\/wp\/v2\/pages\/82519\/revisions"}],"predecessor-version":[{"id":117457,"href":"https:\/\/usacars.ee\/et\/wp-json\/wp\/v2\/pages\/82519\/revisions\/117457"}],"wp:attachment":[{"href":"https:\/\/usacars.ee\/et\/wp-json\/wp\/v2\/media?parent=82519"}],"curies":[{"name":"wp","href":"https:\/\/api.w.org\/{rel}","templated":true}]}}