{"id":82380,"date":"2019-07-16T10:23:28","date_gmt":"2019-07-16T07:23:28","guid":{"rendered":"http:\/\/usacars.ee\/?page_id=82380"},"modified":"2019-07-16T10:28:06","modified_gmt":"2019-07-16T07:28:06","slug":"kuidas-see-tootab","status":"publish","type":"page","link":"https:\/\/usacars.ee\/et\/kuidas-see-tootab\/","title":{"rendered":"Kuidas see t\u00f6\u00f6tab"},"content":{"rendered":"<p>[vc_row row_height_percent=&#8221;0&#8243; override_padding=&#8221;yes&#8221; h_padding=&#8221;2&#8243; top_padding=&#8221;5&#8243; bottom_padding=&#8221;5&#8243; overlay_alpha=&#8221;0&#8243; gutter_size=&#8221;100&#8243; shift_y=&#8221;0&#8243; style=&#8221;inherited&#8221;][vc_column column_width_percent=&#8221;100&#8243; position_horizontal=&#8221;left&#8221; align_horizontal=&#8221;align_center&#8221; overlay_alpha=&#8221;100&#8243; gutter_size=&#8221;4&#8243; medium_width=&#8221;0&#8243; shift_x=&#8221;0&#8243; shift_y=&#8221;0&#8243; zoom_width=&#8221;0&#8243; zoom_height=&#8221;0&#8243; width=&#8221;1\/1&#8243;][vc_row_inner][vc_column_inner width=&#8221;1\/6&#8243;][\/vc_column_inner][vc_column_inner width=&#8221;4\/6&#8243;][vc_column_text]<\/p>\n<p style=\"text-align: justify;\">Teie valikuprotsessi h\u00f5lbustamiseks ja et see oleks v\u00f5imalikult teadlik ja l\u00e4bim\u00f5eldud, pakume teid huvitava auto professionaalseid fotosid k\u00f5ikidest olulistest nurkadest, samuti detailseid videomaterjale. USACARS-iga koost\u00f6\u00f6d tegemiseks ei pea elama Eestis. S\u00f5ltuvalt olukorrast valime tehingu optimaalse skeemi:<\/p>\n<p>[\/vc_column_text][\/vc_column_inner][vc_column_inner width=&#8221;1\/6&#8243;][\/vc_column_inner][\/vc_row_inner][vc_row_inner][vc_column_inner width=&#8221;1\/6&#8243;][vc_column_text]<\/p>\n<h1 style=\"text-align: center;\"><span style=\"color: #ffffff;\">A<\/span><\/h1>\n<p>[\/vc_column_text][\/vc_column_inner][vc_column_inner width=&#8221;4\/6&#8243;][vc_column_text]<\/p>\n<p style=\"text-align: justify;\">Lendate Tallinnasse, kus juba lennujaamas kohtute meie ettev\u00f5tte esindajaga. K\u00f5ik peamised k\u00fcsimused lahendate koos temaga kohapeal. Teie isiklik haldur aitab: autot \u00fcle vaadata ja s\u00f5ltumatu tehniline kontroll l\u00e4bimisel eelnevalt broneeritud teeninduskeskuses; pakub teie uue autoga turvaliseks kojuj\u00f5udmiseks transiidinumbreid, kindlustust ja muid vajalikke dokumente. Kui te mingil p\u00f5hjusel uue autoga tagasi s\u00f5ita ei soovi, siis pakume s\u00f5iduvahendi kojutoimetamise teenust.<\/p>\n<p>[\/vc_column_text][\/vc_column_inner][vc_column_inner width=&#8221;1\/6&#8243;][\/vc_column_inner][\/vc_row_inner][vc_row_inner][vc_column_inner width=&#8221;1\/6&#8243;][vc_column_text]<\/p>\n<h1 style=\"text-align: center;\"><span style=\"color: #ffffff;\">B<\/span><\/h1>\n<p>[\/vc_column_text][\/vc_column_inner][vc_column_inner width=&#8221;4\/6&#8243;][vc_column_text]<\/p>\n<p class=\"stepsheaader_2\" style=\"text-align: justify;\">Saate kogu teid huvitava teabe valitud auto kohta. Tasute ettemaksu summas 1500 eurot. P\u00e4rast raha kontole laekumist korraldame auto kiire kohaletoimetamise teie m\u00e4\u00e4ratud aadressile. \u00dclej\u00e4\u00e4nud summa tasute s\u00f5iduki k\u00e4ttesaamisel. Vajaduse korral l\u00e4bib auto teie riigis s\u00f5ltumatu tehnilise kontrolli.<\/p>\n<p>[\/vc_column_text][\/vc_column_inner][vc_column_inner width=&#8221;1\/6&#8243;][\/vc_column_inner][\/vc_row_inner][vc_row_inner][vc_column_inner width=&#8221;1\/6&#8243;][\/vc_column_inner][vc_column_inner width=&#8221;4\/6&#8243;][vc_column_text]<\/p>\n<h1 style=\"text-align: center;\">T\u00e4iendavad garantiid<\/h1>\n<p>[\/vc_column_text][vc_column_text]<\/p>\n<p style=\"text-align: justify;\">Enne auto m\u00fc\u00fcmist teie riiki pakume teile v\u00f5imalikult l\u00e4hedal asuvate klientidega tutvumise ja suhtlemise v\u00f5imalust, kes juba USACARS-ist ostetud autot kasutavad. K\u00f5ik vajalikud kontaktid suhtlemiseks saate soovi korral meie haldurilt. Samal ajal pakume tutvumiseks m\u00fc\u00fcdud autode galeriid, kus meie ettev\u00f5tte t\u00f6\u00f6d esindatud on.<\/p>\n<p style=\"text-align: justify;\">T\u00e4na s\u00f5idavad meie USA-st tarnitud autod l\u00e4bi Soome, Rootsi, Eesti, L\u00e4ti, Leedu, Poola, Saksamaa, T\u0161ehhi, Austria, Ungari, Slovakkia, Rumeenia, Hispaania, Portugali, Prantsusmaa, Itaalia, Kreeka, Bulgaaria, Hollandi, Taani, Tenerife ja Malta.<\/p>\n<p style=\"text-align: justify;\">Soovi korral asendavad meie mehaanikud rattad, eemaldavad auto kerelt kleebised, muudavad salongi stiili ja lahendavad k\u00f5ik mistahes teie poolt seatud \u00fclesanded. V\u00f5tke \u00fchendust oma halduriga ja t\u00e4idame teie palve nii kiiresti kui v\u00f5imalik.<\/p>\n<p>[\/vc_column_text][vc_column_text]<\/p>\n<h1 style=\"text-align: center;\">Kui palju maksab tarne?<\/h1>\n<p>[\/vc_column_text][vc_column_text]<\/p>\n<p style=\"text-align: justify;\">Kesk-Euroopa riikide standardhinnad on 500\u2013600 eurot. Transport l\u00f5unapoolsetesse riikidesse on natuke kallim \u2013 alates 700 eurost. T\u00e4psema tarnesumma saate teada meie haldurilt. Kui vajate olulise s\u00fcndmuse korral auto kiiret tarnet, siis saame korraldada auto tarne paari p\u00e4eva jooksul. Selleks v\u00f5tke \u00fchendust meie halduriga.<\/p>\n<p>[\/vc_column_text][vc_column_text]<\/p>\n<h1 style=\"text-align: center;\">V\u00f5tame vastu individuaalseid tellimusi<\/h1>\n<p>[\/vc_column_text][vc_column_text]<\/p>\n<p style=\"text-align: justify;\">USACARS \u2014 see pole ainult autode tarne USA-st. Soovi korral t\u00e4iustame ja tuunime vastavalt k\u00f5ikidele teie vajadustele ja soovidele mistahes auto. Kui teie unistuste auto vajab \u00fche v\u00f5i mitme meistri individuaalseid t\u00f6id, siis teeme k\u00f5ik endast oleneva, et teid l\u00fchikese aja jooksul v\u00e4\u00e4rt tulemustega r\u00f5\u00f5mustada.<\/p>\n<p>[\/vc_column_text][\/vc_column_inner][vc_column_inner width=&#8221;1\/6&#8243;][\/vc_column_inner][\/vc_row_inner][\/vc_column][\/vc_row]<\/p>\n","protected":false},"excerpt":{"rendered":"<p>[vc_row row_height_percent=&#8221;0&#8243; override_padding=&#8221;yes&#8221; h_padding=&#8221;2&#8243; top_padding=&#8221;5&#8243; bottom_padding=&#8221;5&#8243; overlay_alpha=&#8221;0&#8243; gutter_size=&#8221;100&#8243; shift_y=&#8221;0&#8243; style=&#8221;inherited&#8221;][vc_column column_width_percent=&#8221;100&#8243; position_horizontal=&#8221;left&#8221; align_horizontal=&#8221;align_center&#8221; overlay_alpha=&#8221;100&#8243; gutter_size=&#8221;4&#8243; medium_width=&#8221;0&#8243; shift_x=&#8221;0&#8243; shift_y=&#8221;0&#8243; zoom_width=&#8221;0&#8243; zoom_height=&#8221;0&#8243; [&hellip;]<\/p>\n","protected":false},"author":1,"featured_media":0,"parent":0,"menu_order":0,"comment_status":"open","ping_status":"closed","template":"","meta":[],"_links":{"self":[{"href":"https:\/\/usacars.ee\/et\/wp-json\/wp\/v2\/pages\/82380"}],"collection":[{"href":"https:\/\/usacars.ee\/et\/wp-json\/wp\/v2\/pages"}],"about":[{"href":"https:\/\/usacars.ee\/et\/wp-json\/wp\/v2\/types\/page"}],"author":[{"embeddable":true,"href":"https:\/\/usacars.ee\/et\/wp-json\/wp\/v2\/users\/1"}],"replies":[{"embeddable":true,"href":"https:\/\/usacars.ee\/et\/wp-json\/wp\/v2\/comments?post=82380"}],"version-history":[{"count":3,"href":"https:\/\/usacars.ee\/et\/wp-json\/wp\/v2\/pages\/82380\/revisions"}],"predecessor-version":[{"id":82383,"href":"https:\/\/usacars.ee\/et\/wp-json\/wp\/v2\/pages\/82380\/revisions\/82383"}],"wp:attachment":[{"href":"https:\/\/usacars.ee\/et\/wp-json\/wp\/v2\/media?parent=82380"}],"curies":[{"name":"wp","href":"https:\/\/api.w.org\/{rel}","templated":true}]}}