{"id":82514,"date":"2019-07-16T10:53:03","date_gmt":"2019-07-16T07:53:03","guid":{"rendered":"http:\/\/usacars.ee\/?page_id=82514"},"modified":"2019-07-16T10:55:29","modified_gmt":"2019-07-16T07:55:29","slug":"brauch","status":"publish","type":"page","link":"https:\/\/usacars.ee\/de\/brauch\/","title":{"rendered":"Brauch"},"content":{"rendered":"<p>[vc_row][vc_column width=&#8220;1\/6&#8243;][\/vc_column][vc_column width=&#8220;4\/6&#8243;][vc_empty_space empty_h=&#8220;1&#8243;][vc_column_text]<\/p>\n<h1 style=\"text-align: center;\">Wir akzeptieren spezielle Auftr\u00e4ge<\/h1>\n<p>&nbsp;<\/p>\n<p style=\"text-align: justify;\">USACARS ist nicht nur die Lieferung eines Autos aus den USA. Falls Sie w\u00fcnschen, werden wir jedes Auto gr\u00fcndlich ausbessern und unter Ber\u00fccksichtigung aller Anforderungen und Ihrer W\u00fcnsche auffrisieren. Wenn Ihr Traumauto eine individuelle Arbeit eines oder einiger Fachleute erfordert, werden wir uns bem\u00fchen, Sie kurzfristig mit einem bewundernswerten Ergebnis zu erfreuen.<\/p>\n<p>[\/vc_column_text][vc_empty_space empty_h=&#8220;1&#8243;][\/vc_column][vc_column width=&#8220;1\/6&#8243;][\/vc_column][\/vc_row][vc_row][vc_column width=&#8220;1\/1&#8243;][vc_gallery el_id=&#8220;gallery-187572&#8243; medias=&#8220;81133,81105,81085,81055,81040,81026,80965,80890,80872&#8243; gutter_size=&#8220;3&#8243; screen_lg=&#8220;1000&#8243; screen_md=&#8220;600&#8243; screen_sm=&#8220;480&#8243; images_size=&#8220;four-three&#8220; single_overlay_opacity=&#8220;50&#8243; single_padding=&#8220;2&#8243;][vc_empty_space empty_h=&#8220;1&#8243;][\/vc_column][\/vc_row]<\/p>\n","protected":false},"excerpt":{"rendered":"<p>[vc_row][vc_column width=&#8220;1\/6&#8243;][\/vc_column][vc_column width=&#8220;4\/6&#8243;][vc_empty_space empty_h=&#8220;1&#8243;][vc_column_text] Wir akzeptieren spezielle Auftr\u00e4ge &nbsp; USACARS ist nicht nur die Lieferung eines Autos aus den USA. [&hellip;]<\/p>\n","protected":false},"author":1,"featured_media":0,"parent":0,"menu_order":0,"comment_status":"closed","ping_status":"closed","template":"","meta":[],"_links":{"self":[{"href":"https:\/\/usacars.ee\/de\/wp-json\/wp\/v2\/pages\/82514"}],"collection":[{"href":"https:\/\/usacars.ee\/de\/wp-json\/wp\/v2\/pages"}],"about":[{"href":"https:\/\/usacars.ee\/de\/wp-json\/wp\/v2\/types\/page"}],"author":[{"embeddable":true,"href":"https:\/\/usacars.ee\/de\/wp-json\/wp\/v2\/users\/1"}],"replies":[{"embeddable":true,"href":"https:\/\/usacars.ee\/de\/wp-json\/wp\/v2\/comments?post=82514"}],"version-history":[{"count":4,"href":"https:\/\/usacars.ee\/de\/wp-json\/wp\/v2\/pages\/82514\/revisions"}],"predecessor-version":[{"id":82518,"href":"https:\/\/usacars.ee\/de\/wp-json\/wp\/v2\/pages\/82514\/revisions\/82518"}],"wp:attachment":[{"href":"https:\/\/usacars.ee\/de\/wp-json\/wp\/v2\/media?parent=82514"}],"curies":[{"name":"wp","href":"https:\/\/api.w.org\/{rel}","templated":true}]}}