{"id":82384,"date":"2019-07-16T10:31:05","date_gmt":"2019-07-16T07:31:05","guid":{"rendered":"http:\/\/usacars.ee\/?page_id=82384"},"modified":"2019-07-16T10:42:09","modified_gmt":"2019-07-16T07:42:09","slug":"wie-funktioniert-es","status":"publish","type":"page","link":"https:\/\/usacars.ee\/de\/wie-funktioniert-es\/","title":{"rendered":"Wie funktioniert es"},"content":{"rendered":"<p>[vc_row row_height_percent=&#8220;0&#8243; override_padding=&#8220;yes&#8220; h_padding=&#8220;2&#8243; top_padding=&#8220;5&#8243; bottom_padding=&#8220;5&#8243; overlay_alpha=&#8220;0&#8243; gutter_size=&#8220;100&#8243; shift_y=&#8220;0&#8243; style=&#8220;inherited&#8220;][vc_column column_width_percent=&#8220;100&#8243; position_horizontal=&#8220;left&#8220; align_horizontal=&#8220;align_center&#8220; overlay_alpha=&#8220;100&#8243; gutter_size=&#8220;4&#8243; medium_width=&#8220;0&#8243; shift_x=&#8220;0&#8243; shift_y=&#8220;0&#8243; zoom_width=&#8220;0&#8243; zoom_height=&#8220;0&#8243; width=&#8220;1\/1&#8243;][vc_row_inner][vc_column_inner width=&#8220;1\/6&#8243;][\/vc_column_inner][vc_column_inner width=&#8220;4\/6&#8243;][vc_column_text]<\/p>\n<p style=\"text-align: justify;\">Um Ihnen den Auswahlprozess zu erleichtern, denen so bewusst und ausgeglichen wie m\u00f6glich zu machen, bieten wir professionelle Fotos aus allen wichtigen Winkeln, sowie detaillierte Videomaterialien bez. Das f\u00fcr Sie interessante Fahrzeug an. Um mit USACARS zusammenzuarbeiten, ben\u00f6tigen Sie nicht in Estland ans\u00e4ssig zu sein. Je nach Umst\u00e4nden w\u00e4hlen wir das optimale Verfahren f\u00fcr die Abwicklung des Gesch\u00e4fts:<\/p>\n<p>[\/vc_column_text][\/vc_column_inner][vc_column_inner width=&#8220;1\/6&#8243;][\/vc_column_inner][\/vc_row_inner][vc_row_inner][vc_column_inner width=&#8220;1\/6&#8243;][vc_column_text]<\/p>\n<h1 style=\"text-align: center;\"><span style=\"color: #ffffff;\">A<\/span><\/h1>\n<p>[\/vc_column_text][\/vc_column_inner][vc_column_inner width=&#8220;4\/6&#8243;][vc_column_text]<\/p>\n<p style=\"text-align: justify;\">Sie kommen mit dem Flug nach Tallinn an, wo Sie bereits am Flughafen von einem Vertreter unseres Unternehmens abgeholt werden. Alle wichtigen Fragen beseitigen Sie mit ihm direkt vor Ort. Ihr pers\u00f6nlicher Produktmanager unterst\u00fctzt Sie: das Fahrzeug zu inspizieren und eine unabh\u00e4ngige technische Pr\u00fcfung bei einer im Voraus gebuchten Service durchzuf\u00fchren; legt 5-Tages-Kennzeichen vor, stellt Versicherungen und sonstige notwendige Unterlagen f\u00fcr<br \/>\nIhre sichere Heimkehr mit einem neuen Auto zur Verf\u00fcgung. Wenn Sie aus irgendeinem Grund nicht mit einem neuen Auto zur\u00fcckfahren m\u00f6chten, bieten wir eine Fahrzeuglieferservice bis zu Ihrem Zuhause an.<\/p>\n<p>[\/vc_column_text][\/vc_column_inner][vc_column_inner width=&#8220;1\/6&#8243;][\/vc_column_inner][\/vc_row_inner][vc_row_inner][vc_column_inner width=&#8220;1\/6&#8243;][vc_column_text]<\/p>\n<h1 style=\"text-align: center;\"><span style=\"color: #ffffff;\">B<\/span><\/h1>\n<p>[\/vc_column_text][\/vc_column_inner][vc_column_inner width=&#8220;4\/6&#8243;][vc_column_text]<\/p>\n<p style=\"text-align: justify;\">Sie erhalten s\u00e4mtliche n\u00fctzliche Informationen bez\u00fcglich des ausgew\u00e4hlten Autos. Sie \u00fcberweisen eine Vorauszahlung in H\u00f6he von 1.500 Euro. Nach Buchung der Geldmittel auf dem Konto, unternehmen wir eine prompte Lieferung des Autos unter der von Ihnen angegebenen Anschrift. Den Restbetrag zahlen Sie nach Erhalt des Fahrzeugs. Bei Bedarf wird das Fahrzeug von einer unabh\u00e4ngigen technischen Pr\u00fcfungsstelle in Ihrem Land gepr\u00fcft.<\/p>\n<p>[\/vc_column_text][\/vc_column_inner][vc_column_inner width=&#8220;1\/6&#8243;][\/vc_column_inner][\/vc_row_inner][vc_row_inner][vc_column_inner width=&#8220;1\/6&#8243;][\/vc_column_inner][vc_column_inner width=&#8220;4\/6&#8243;][vc_column_text]<\/p>\n<h1 style=\"text-align: center;\">Zus\u00e4tzliche Haftung<\/h1>\n<p>[\/vc_column_text][vc_column_text]<\/p>\n<p style=\"text-align: justify;\">Zus\u00e4tzliche Haftung Bevor Sie ein Auto in Ihrem Land kaufen, empfehlen wir Ihnen, Kunden kennenzulernen und zu kommunizieren, die in Ihrer N\u00e4he wohnhaft sind und bereits ein Auto nutzen, das bei USACARS gekauft wurde. Alle notwendigen Kontaktdaten erhalten Sie auf Anfrage bei unserem Produktberater.<\/p>\n<p style=\"text-align: justify;\">Gleichzeitig bieten wir an, die Galerie der verkauften Autos nachzusehen, wo Ergebnisse unserer Arbeit pr\u00e4sentiert sind. Heute fahren unsere Fahrzeuge aus den USA durch Finnland, Schweden, Estland, Lettland, Litauen, Polen, Deutschland, Tschechien, \u00d6sterreich, Ungarn, Slowakei, Rum\u00e4nien, Spanien, Portugal, Frankreich, Italien, Griechenland, Bulgarien, Holland, D\u00e4nemark, Teneriffa und Malta.<\/p>\n<p style=\"text-align: justify;\">Haben Sie Wunsch, werden unsere Mechaniker Felgen ersetzen, Aufkleber vom Fahrzeugk\u00f6rper entfernen, den Stil des Innenraums \u00e4ndern und jede sonstige Aufgabe l\u00f6sen, die Sie gestellt zu haben. Wenden Sie sich an Ihren Produktmanager und wir werden Ihre Anfrage in k\u00fcrzester Zeit befriedigen.<\/p>\n<p>[\/vc_column_text][vc_column_text]<\/p>\n<h1 style=\"text-align: center;\">Wie viel kostet die Lieferung?<\/h1>\n<p>[\/vc_column_text][vc_column_text]<\/p>\n<p style=\"text-align: justify;\">Der Standardtarif f\u00fcr mitteleurop\u00e4ische L\u00e4nder liegt zwischen 500 und 600 Euro. Der Transport in die s\u00fcdlichen L\u00e4nder ist etwas teurer &#8211; ab 700 Euro. Die genaue H\u00f6he des Betrags f\u00fcr die Lieferung kann Ihnen unser Manager nennen. Wenn Sie eine dringende Lieferung des Autos anl\u00e4sslich einer wichtigen Veranstaltung ben\u00f6tigen, k\u00f6nnen wir die Lieferung des Autos innerhalb von ein paar Tagen arrangieren. Nehmen Sie mit unserem Produktmanager Kontakt.<\/p>\n<p>[\/vc_column_text][vc_column_text]<\/p>\n<h1 style=\"text-align: center;\">Wir akzeptieren spezielle Auftr\u00e4ge.<\/h1>\n<p>[\/vc_column_text][vc_column_text]<\/p>\n<p style=\"text-align: justify;\">USACARS ist nicht nur die Lieferung eines Autos aus den USA. Falls Sie w\u00fcnschen, werden wir jedes Auto gr\u00fcndlich ausbessern und unter Ber\u00fccksichtigung aller Anforderungen und Ihrer W\u00fcnsche auffrisieren. Wenn Ihr Traumauto eine individuelle Arbeit eines oder einiger Fachleute erfordert, werden wir uns bem\u00fchen, Sie kurzfristig mit einem bewundernswerten Ergebnis zu erfreuen.<\/p>\n<p>[\/vc_column_text][\/vc_column_inner][vc_column_inner width=&#8220;1\/6&#8243;][\/vc_column_inner][\/vc_row_inner][\/vc_column][\/vc_row]<\/p>\n","protected":false},"excerpt":{"rendered":"<p>[vc_row row_height_percent=&#8220;0&#8243; override_padding=&#8220;yes&#8220; h_padding=&#8220;2&#8243; top_padding=&#8220;5&#8243; bottom_padding=&#8220;5&#8243; overlay_alpha=&#8220;0&#8243; gutter_size=&#8220;100&#8243; shift_y=&#8220;0&#8243; style=&#8220;inherited&#8220;][vc_column column_width_percent=&#8220;100&#8243; position_horizontal=&#8220;left&#8220; align_horizontal=&#8220;align_center&#8220; overlay_alpha=&#8220;100&#8243; gutter_size=&#8220;4&#8243; medium_width=&#8220;0&#8243; shift_x=&#8220;0&#8243; shift_y=&#8220;0&#8243; zoom_width=&#8220;0&#8243; zoom_height=&#8220;0&#8243; [&hellip;]<\/p>\n","protected":false},"author":1,"featured_media":0,"parent":0,"menu_order":0,"comment_status":"open","ping_status":"closed","template":"","meta":[],"_links":{"self":[{"href":"https:\/\/usacars.ee\/de\/wp-json\/wp\/v2\/pages\/82384"}],"collection":[{"href":"https:\/\/usacars.ee\/de\/wp-json\/wp\/v2\/pages"}],"about":[{"href":"https:\/\/usacars.ee\/de\/wp-json\/wp\/v2\/types\/page"}],"author":[{"embeddable":true,"href":"https:\/\/usacars.ee\/de\/wp-json\/wp\/v2\/users\/1"}],"replies":[{"embeddable":true,"href":"https:\/\/usacars.ee\/de\/wp-json\/wp\/v2\/comments?post=82384"}],"version-history":[{"count":4,"href":"https:\/\/usacars.ee\/de\/wp-json\/wp\/v2\/pages\/82384\/revisions"}],"predecessor-version":[{"id":82389,"href":"https:\/\/usacars.ee\/de\/wp-json\/wp\/v2\/pages\/82384\/revisions\/82389"}],"wp:attachment":[{"href":"https:\/\/usacars.ee\/de\/wp-json\/wp\/v2\/media?parent=82384"}],"curies":[{"name":"wp","href":"https:\/\/api.w.org\/{rel}","templated":true}]}}